{"id":5011,"date":"2023-09-16T04:38:56","date_gmt":"2023-09-16T04:38:56","guid":{"rendered":"http:\/\/www.universparapharma.com\/?page_id=5011"},"modified":"2023-09-16T06:11:25","modified_gmt":"2023-09-16T06:11:25","slug":"notre-expertise","status":"publish","type":"page","link":"https:\/\/www.universparapharma.com\/index.php\/notre-expertise\/","title":{"rendered":"Notre Expertise"},"content":{"rendered":"\t\t<div data-elementor-type=\"wp-page\" data-elementor-id=\"5011\" class=\"elementor elementor-5011\">\n\t\t\t\t\t\t\t<div class=\"elementor-element elementor-element-1f7716c e-flex e-con-boxed e-con e-parent\" data-id=\"1f7716c\" data-element_type=\"container\" data-settings=\"{&quot;background_background&quot;:&quot;classic&quot;,&quot;content_width&quot;:&quot;boxed&quot;}\" data-core-v316-plus=\"true\">\n\t\t\t\t\t<div class=\"e-con-inner\">\n\t\t<div class=\"elementor-element elementor-element-0541a60 e-con-full e-flex e-con e-child\" data-id=\"0541a60\" data-element_type=\"container\" data-settings=\"{&quot;content_width&quot;:&quot;full&quot;}\">\n\t\t\t\t<div class=\"elementor-element elementor-element-71703db elementor-widget elementor-widget-iserv_box\" data-id=\"71703db\" data-element_type=\"widget\" data-widget_type=\"iserv_box.default\">\n\t\t\t\t<div class=\"elementor-widget-container\">\n\t\t\t\r\n\t\t<div class=\"serv-box s1 elementor-animation-\">\r\n\t\t\t\t\t\t<div class=\"icon-main\">\r\n\t\t        \t\t\t    \t\t        \t        <\/div>\r\n\t        <div class=\"content-box\">\r\n\t            <h5>Distribution et Logistique<\/h5>\r\n\t            <div>Nous livrons quotidiennement les h\u00f4pitaux, les cliniques priv\u00e9es, la Nouvelle Pharmacie de Sant\u00e9 Publique, les pharmacies. Nous importons et distribuons les produits de laboratoires pharmaceutiques.<\/div>\t        <\/div>\r\n\t    <\/div>\r\n\r\n\t    \t\t<\/div>\n\t\t\t\t<\/div>\n\t\t\t\t<div class=\"elementor-element elementor-element-aac49e9 elementor-widget elementor-widget-button\" data-id=\"aac49e9\" data-element_type=\"widget\" data-widget_type=\"button.default\">\n\t\t\t\t<div class=\"elementor-widget-container\">\n\t\t\t\t\t<div class=\"elementor-button-wrapper\">\n\t\t\t<a class=\"elementor-button elementor-button-link elementor-size-sm\" href=\"http:\/\/www.universparapharma.com\/index.php\/distribution-et-logistique\/\">\n\t\t\t\t\t\t<span class=\"elementor-button-content-wrapper\">\n\t\t\t\t\t\t<span class=\"elementor-button-text\">EN SAVOIR PLUS<\/span>\n\t\t<\/span>\n\t\t\t\t\t<\/a>\n\t\t<\/div>\n\t\t\t\t<\/div>\n\t\t\t\t<\/div>\n\t\t\t\t<\/div>\n\t\t<div class=\"elementor-element elementor-element-6b90d8e e-con-full e-flex e-con e-child\" data-id=\"6b90d8e\" data-element_type=\"container\" data-settings=\"{&quot;content_width&quot;:&quot;full&quot;}\">\n\t\t\t\t<div class=\"elementor-element elementor-element-156a3d3 elementor-widget elementor-widget-image\" data-id=\"156a3d3\" data-element_type=\"widget\" data-widget_type=\"image.default\">\n\t\t\t\t<div class=\"elementor-widget-container\">\n\t\t\t<style>\/*! elementor - v3.16.0 - 14-09-2023 *\/\n.elementor-widget-image{text-align:center}.elementor-widget-image a{display:inline-block}.elementor-widget-image a img[src$=\".svg\"]{width:48px}.elementor-widget-image img{vertical-align:middle;display:inline-block}<\/style>\t\t\t\t\t\t\t\t\t\t\t\t<img decoding=\"async\" loading=\"lazy\" width=\"400\" height=\"400\" src=\"https:\/\/www.universparapharma.com\/wp-content\/uploads\/2023\/09\/A1.jpg\" class=\"attachment-large size-large wp-image-5041\" alt=\"\" srcset=\"https:\/\/www.universparapharma.com\/wp-content\/uploads\/2023\/09\/A1.jpg 400w, https:\/\/www.universparapharma.com\/wp-content\/uploads\/2023\/09\/A1-300x300.jpg 300w, https:\/\/www.universparapharma.com\/wp-content\/uploads\/2023\/09\/A1-150x150.jpg 150w\" sizes=\"(max-width: 400px) 100vw, 400px\" \/>\t\t\t\t\t\t\t\t\t\t\t\t\t\t\t<\/div>\n\t\t\t\t<\/div>\n\t\t\t\t<\/div>\n\t\t\t\t\t<\/div>\n\t\t\t\t<\/div>\n\t\t<div class=\"elementor-element elementor-element-c7b0558 e-flex e-con-boxed e-con e-parent\" data-id=\"c7b0558\" data-element_type=\"container\" data-settings=\"{&quot;content_width&quot;:&quot;boxed&quot;}\" data-core-v316-plus=\"true\">\n\t\t\t\t\t<div class=\"e-con-inner\">\n\t\t<div class=\"elementor-element elementor-element-4a90a25 e-con-full e-flex e-con e-child\" data-id=\"4a90a25\" data-element_type=\"container\" data-settings=\"{&quot;content_width&quot;:&quot;full&quot;}\">\n\t\t\t\t<div class=\"elementor-element elementor-element-729f8df elementor-widget elementor-widget-image\" data-id=\"729f8df\" data-element_type=\"widget\" data-widget_type=\"image.default\">\n\t\t\t\t<div class=\"elementor-widget-container\">\n\t\t\t\t\t\t\t\t\t\t\t\t\t\t\t<img decoding=\"async\" loading=\"lazy\" width=\"400\" height=\"400\" src=\"https:\/\/www.universparapharma.com\/wp-content\/uploads\/2023\/09\/A2.jpg\" class=\"attachment-large size-large wp-image-5040\" alt=\"\" srcset=\"https:\/\/www.universparapharma.com\/wp-content\/uploads\/2023\/09\/A2.jpg 400w, https:\/\/www.universparapharma.com\/wp-content\/uploads\/2023\/09\/A2-300x300.jpg 300w, https:\/\/www.universparapharma.com\/wp-content\/uploads\/2023\/09\/A2-150x150.jpg 150w\" sizes=\"(max-width: 400px) 100vw, 400px\" \/>\t\t\t\t\t\t\t\t\t\t\t\t\t\t\t<\/div>\n\t\t\t\t<\/div>\n\t\t\t\t<\/div>\n\t\t<div class=\"elementor-element elementor-element-875a67f e-con-full e-flex e-con e-child\" data-id=\"875a67f\" data-element_type=\"container\" data-settings=\"{&quot;content_width&quot;:&quot;full&quot;}\">\n\t\t\t\t<div class=\"elementor-element elementor-element-750ab9f elementor-widget elementor-widget-iserv_box\" data-id=\"750ab9f\" data-element_type=\"widget\" data-widget_type=\"iserv_box.default\">\n\t\t\t\t<div class=\"elementor-widget-container\">\n\t\t\t\r\n\t\t<div class=\"serv-box s1 elementor-animation-\">\r\n\t\t\t\t\t\t<div class=\"icon-main\">\r\n\t\t        \t\t\t    \t\t        \t        <\/div>\r\n\t        <div class=\"content-box\">\r\n\t            <h5>  Marketing et Accompagnement\u200b\u200b<\/h5>\r\n\t            <div>Nous vous apportons un soutien actif dans le domaine du marketing.<\/div>\t        <\/div>\r\n\t    <\/div>\r\n\r\n\t    \t\t<\/div>\n\t\t\t\t<\/div>\n\t\t\t\t<div class=\"elementor-element elementor-element-0e81d06 elementor-align-right elementor-widget elementor-widget-button\" data-id=\"0e81d06\" data-element_type=\"widget\" data-widget_type=\"button.default\">\n\t\t\t\t<div class=\"elementor-widget-container\">\n\t\t\t\t\t<div class=\"elementor-button-wrapper\">\n\t\t\t<a class=\"elementor-button elementor-button-link elementor-size-sm\" href=\"http:\/\/www.universparapharma.com\/index.php\/marketing-et-accompagnement\/\">\n\t\t\t\t\t\t<span class=\"elementor-button-content-wrapper\">\n\t\t\t\t\t\t<span class=\"elementor-button-text\">EN SAVOIR PLUS<\/span>\n\t\t<\/span>\n\t\t\t\t\t<\/a>\n\t\t<\/div>\n\t\t\t\t<\/div>\n\t\t\t\t<\/div>\n\t\t\t\t<\/div>\n\t\t\t\t\t<\/div>\n\t\t\t\t<\/div>\n\t\t<div class=\"elementor-element elementor-element-6b37b1c e-flex e-con-boxed e-con e-parent\" data-id=\"6b37b1c\" data-element_type=\"container\" data-settings=\"{&quot;background_background&quot;:&quot;classic&quot;,&quot;content_width&quot;:&quot;boxed&quot;}\" data-core-v316-plus=\"true\">\n\t\t\t\t\t<div class=\"e-con-inner\">\n\t\t<div class=\"elementor-element elementor-element-712f3bc e-con-full e-flex e-con e-child\" data-id=\"712f3bc\" data-element_type=\"container\" data-settings=\"{&quot;content_width&quot;:&quot;full&quot;}\">\n\t\t\t\t<div class=\"elementor-element elementor-element-a52c1f7 elementor-widget elementor-widget-iserv_box\" data-id=\"a52c1f7\" data-element_type=\"widget\" data-widget_type=\"iserv_box.default\">\n\t\t\t\t<div class=\"elementor-widget-container\">\n\t\t\t\r\n\t\t<div class=\"serv-box s1 elementor-animation-\">\r\n\t\t\t\t\t\t<div class=\"icon-main\">\r\n\t\t        \t\t\t    \t\t        \t        <\/div>\r\n\t        <div class=\"content-box\">\r\n\t            <h5>Suivi r\u00e9glementaire\u200b<\/h5>\r\n\t            <div>Toujours au plus pr\u00e8s des attentes de nos partenaires, nous vous proposons une assistance sur le plan r\u00e9glementaire et administratif, en lien direct avec le terrain.<\/div>\t        <\/div>\r\n\t    <\/div>\r\n\r\n\t    \t\t<\/div>\n\t\t\t\t<\/div>\n\t\t\t\t<div class=\"elementor-element elementor-element-c64de22 elementor-widget elementor-widget-button\" data-id=\"c64de22\" data-element_type=\"widget\" data-widget_type=\"button.default\">\n\t\t\t\t<div class=\"elementor-widget-container\">\n\t\t\t\t\t<div class=\"elementor-button-wrapper\">\n\t\t\t<a class=\"elementor-button elementor-button-link elementor-size-sm\" href=\"http:\/\/www.universparapharma.com\/index.php\/suivi-reglementaire\/\">\n\t\t\t\t\t\t<span class=\"elementor-button-content-wrapper\">\n\t\t\t\t\t\t<span class=\"elementor-button-text\">EN SAVOIR PLUS<\/span>\n\t\t<\/span>\n\t\t\t\t\t<\/a>\n\t\t<\/div>\n\t\t\t\t<\/div>\n\t\t\t\t<\/div>\n\t\t\t\t<\/div>\n\t\t<div class=\"elementor-element elementor-element-3780b2a e-con-full e-flex e-con e-child\" data-id=\"3780b2a\" data-element_type=\"container\" data-settings=\"{&quot;content_width&quot;:&quot;full&quot;}\">\n\t\t\t\t<div class=\"elementor-element elementor-element-4bd5f57 elementor-widget elementor-widget-image\" data-id=\"4bd5f57\" data-element_type=\"widget\" data-widget_type=\"image.default\">\n\t\t\t\t<div class=\"elementor-widget-container\">\n\t\t\t\t\t\t\t\t\t\t\t\t\t\t\t<img decoding=\"async\" loading=\"lazy\" width=\"400\" height=\"400\" src=\"https:\/\/www.universparapharma.com\/wp-content\/uploads\/2023\/09\/A3.jpg\" class=\"attachment-large size-large wp-image-5039\" alt=\"\" srcset=\"https:\/\/www.universparapharma.com\/wp-content\/uploads\/2023\/09\/A3.jpg 400w, https:\/\/www.universparapharma.com\/wp-content\/uploads\/2023\/09\/A3-300x300.jpg 300w, https:\/\/www.universparapharma.com\/wp-content\/uploads\/2023\/09\/A3-150x150.jpg 150w\" sizes=\"(max-width: 400px) 100vw, 400px\" \/>\t\t\t\t\t\t\t\t\t\t\t\t\t\t\t<\/div>\n\t\t\t\t<\/div>\n\t\t\t\t<\/div>\n\t\t\t\t\t<\/div>\n\t\t\t\t<\/div>\n\t\t\t\t\t\t\t<\/div>\n\t\t","protected":false},"excerpt":{"rendered":"<p>Distribution et Logistique Nous livrons quotidiennement les h\u00f4pitaux, les cliniques priv\u00e9es, la Nouvelle Pharmacie de Sant\u00e9 Publique, les pharmacies. Nous importons et distribuons les produits de laboratoires pharmaceutiques. EN SAVOIR PLUS Marketing et Accompagnement\u200b\u200b Nous vous apportons un soutien actif dans le domaine du marketing. EN SAVOIR PLUS Suivi r\u00e9glementaire\u200b Toujours au plus pr\u00e8s des [&hellip;]<\/p>\n","protected":false},"author":1,"featured_media":0,"parent":0,"menu_order":0,"comment_status":"closed","ping_status":"closed","template":"","meta":{"footnotes":""},"_links":{"self":[{"href":"https:\/\/www.universparapharma.com\/index.php\/wp-json\/wp\/v2\/pages\/5011"}],"collection":[{"href":"https:\/\/www.universparapharma.com\/index.php\/wp-json\/wp\/v2\/pages"}],"about":[{"href":"https:\/\/www.universparapharma.com\/index.php\/wp-json\/wp\/v2\/types\/page"}],"author":[{"embeddable":true,"href":"https:\/\/www.universparapharma.com\/index.php\/wp-json\/wp\/v2\/users\/1"}],"replies":[{"embeddable":true,"href":"https:\/\/www.universparapharma.com\/index.php\/wp-json\/wp\/v2\/comments?post=5011"}],"version-history":[{"count":25,"href":"https:\/\/www.universparapharma.com\/index.php\/wp-json\/wp\/v2\/pages\/5011\/revisions"}],"predecessor-version":[{"id":5111,"href":"https:\/\/www.universparapharma.com\/index.php\/wp-json\/wp\/v2\/pages\/5011\/revisions\/5111"}],"wp:attachment":[{"href":"https:\/\/www.universparapharma.com\/index.php\/wp-json\/wp\/v2\/media?parent=5011"}],"curies":[{"name":"wp","href":"https:\/\/api.w.org\/{rel}","templated":true}]}}