{"id":5084,"date":"2023-09-16T06:05:02","date_gmt":"2023-09-16T06:05:02","guid":{"rendered":"http:\/\/www.universparapharma.com\/?page_id=5084"},"modified":"2023-09-16T06:08:38","modified_gmt":"2023-09-16T06:08:38","slug":"marketing-et-accompagnement","status":"publish","type":"page","link":"https:\/\/www.universparapharma.com\/index.php\/marketing-et-accompagnement\/","title":{"rendered":"Marketing et Accompagnement\u200b\u200b"},"content":{"rendered":"\t\t<div data-elementor-type=\"wp-page\" data-elementor-id=\"5084\" class=\"elementor elementor-5084\">\n\t\t\t\t\t\t\t<div class=\"elementor-element elementor-element-c73faac e-flex e-con-boxed e-con e-parent\" data-id=\"c73faac\" data-element_type=\"container\" data-settings=\"{&quot;content_width&quot;:&quot;boxed&quot;}\" data-core-v316-plus=\"true\">\n\t\t\t\t\t<div class=\"e-con-inner\">\n\t\t<div class=\"elementor-element elementor-element-d4a2c69 e-con-full e-flex e-con e-child\" data-id=\"d4a2c69\" data-element_type=\"container\" data-settings=\"{&quot;content_width&quot;:&quot;full&quot;}\">\n\t\t\t\t<div class=\"elementor-element elementor-element-0d2acb5 elementor-widget elementor-widget-image\" data-id=\"0d2acb5\" data-element_type=\"widget\" data-widget_type=\"image.default\">\n\t\t\t\t<div class=\"elementor-widget-container\">\n\t\t\t<style>\/*! elementor - v3.16.0 - 14-09-2023 *\/\n.elementor-widget-image{text-align:center}.elementor-widget-image a{display:inline-block}.elementor-widget-image a img[src$=\".svg\"]{width:48px}.elementor-widget-image img{vertical-align:middle;display:inline-block}<\/style>\t\t\t\t\t\t\t\t\t\t\t\t<img decoding=\"async\" loading=\"lazy\" width=\"400\" height=\"400\" src=\"https:\/\/www.universparapharma.com\/wp-content\/uploads\/2023\/09\/A2.jpg\" class=\"attachment-large size-large wp-image-5040\" alt=\"\" srcset=\"https:\/\/www.universparapharma.com\/wp-content\/uploads\/2023\/09\/A2.jpg 400w, https:\/\/www.universparapharma.com\/wp-content\/uploads\/2023\/09\/A2-300x300.jpg 300w, https:\/\/www.universparapharma.com\/wp-content\/uploads\/2023\/09\/A2-150x150.jpg 150w\" sizes=\"(max-width: 400px) 100vw, 400px\" \/>\t\t\t\t\t\t\t\t\t\t\t\t\t\t\t<\/div>\n\t\t\t\t<\/div>\n\t\t\t\t<\/div>\n\t\t<div class=\"elementor-element elementor-element-2a6f627 e-con-full e-flex e-con e-child\" data-id=\"2a6f627\" data-element_type=\"container\" data-settings=\"{&quot;content_width&quot;:&quot;full&quot;}\">\n\t\t\t\t<div class=\"elementor-element elementor-element-1451dac elementor-widget elementor-widget-text-editor\" data-id=\"1451dac\" data-element_type=\"widget\" data-widget_type=\"text-editor.default\">\n\t\t\t\t<div class=\"elementor-widget-container\">\n\t\t\t<style>\/*! elementor - v3.16.0 - 14-09-2023 *\/\n.elementor-widget-text-editor.elementor-drop-cap-view-stacked .elementor-drop-cap{background-color:#69727d;color:#fff}.elementor-widget-text-editor.elementor-drop-cap-view-framed .elementor-drop-cap{color:#69727d;border:3px solid;background-color:transparent}.elementor-widget-text-editor:not(.elementor-drop-cap-view-default) .elementor-drop-cap{margin-top:8px}.elementor-widget-text-editor:not(.elementor-drop-cap-view-default) .elementor-drop-cap-letter{width:1em;height:1em}.elementor-widget-text-editor .elementor-drop-cap{float:left;text-align:center;line-height:1;font-size:50px}.elementor-widget-text-editor .elementor-drop-cap-letter{display:inline-block}<\/style>\t\t\t\t<p>Nous vous apportons un soutien actif dans le domaine du marketing.<\/p><ul class=\"vpm-liste\"><li>Nous vous apportons un soutien actif dans le domaine du marketing.<\/li><li>Des outils promotionnels adapt\u00e9s ainsi qu\u2019une bonne gestion de leur utilisation, font parties des facteurs cl\u00e9s de succ\u00e8s dans la promotion m\u00e9dicale et pharmaceutique.<\/li><li>Nous apportons \u00e0 nos partenaires sur simple demande, supports et conseils sur l\u2019\u00e9laboration de plan marketing (\u00e9tudes de march\u00e9, enqu\u00eates clients\/image, notori\u00e9t\u00e9).<\/li><\/ul><h4>Vous accompagner<\/h4><ul class=\"vpm-liste\"><li><p><strong>Pour les professionnels de la sant\u00e9<\/strong><br \/>Nous proposons r\u00e9guli\u00e8rement des formations pour accompagner les professionnels de sant\u00e9 dans l&#8217;utilisation des produits pr\u00e9sent\u00e9s.<\/p><\/li><li><p><strong>Pour les usagers<\/strong><br \/>Nous mettons \u00e0 leur disposition des supports pour l&#8217;information et l&#8217;utilisation des produits.<\/p><\/li><\/ul>\t\t\t\t\t\t<\/div>\n\t\t\t\t<\/div>\n\t\t\t\t<\/div>\n\t\t\t\t\t<\/div>\n\t\t\t\t<\/div>\n\t\t\t\t\t\t\t<\/div>\n\t\t","protected":false},"excerpt":{"rendered":"<p>Nous vous apportons un soutien actif dans le domaine du marketing. Nous vous apportons un soutien actif dans le domaine du marketing. Des outils promotionnels adapt\u00e9s ainsi qu\u2019une bonne gestion de leur utilisation, font parties des facteurs cl\u00e9s de succ\u00e8s dans la promotion m\u00e9dicale et pharmaceutique. Nous apportons \u00e0 nos partenaires sur simple demande, supports [&hellip;]<\/p>\n","protected":false},"author":1,"featured_media":0,"parent":0,"menu_order":0,"comment_status":"closed","ping_status":"closed","template":"","meta":{"footnotes":""},"_links":{"self":[{"href":"https:\/\/www.universparapharma.com\/index.php\/wp-json\/wp\/v2\/pages\/5084"}],"collection":[{"href":"https:\/\/www.universparapharma.com\/index.php\/wp-json\/wp\/v2\/pages"}],"about":[{"href":"https:\/\/www.universparapharma.com\/index.php\/wp-json\/wp\/v2\/types\/page"}],"author":[{"embeddable":true,"href":"https:\/\/www.universparapharma.com\/index.php\/wp-json\/wp\/v2\/users\/1"}],"replies":[{"embeddable":true,"href":"https:\/\/www.universparapharma.com\/index.php\/wp-json\/wp\/v2\/comments?post=5084"}],"version-history":[{"count":4,"href":"https:\/\/www.universparapharma.com\/index.php\/wp-json\/wp\/v2\/pages\/5084\/revisions"}],"predecessor-version":[{"id":5099,"href":"https:\/\/www.universparapharma.com\/index.php\/wp-json\/wp\/v2\/pages\/5084\/revisions\/5099"}],"wp:attachment":[{"href":"https:\/\/www.universparapharma.com\/index.php\/wp-json\/wp\/v2\/media?parent=5084"}],"curies":[{"name":"wp","href":"https:\/\/api.w.org\/{rel}","templated":true}]}}