{"id":5086,"date":"2023-09-16T06:05:32","date_gmt":"2023-09-16T06:05:32","guid":{"rendered":"http:\/\/www.universparapharma.com\/?page_id=5086"},"modified":"2023-09-16T06:07:26","modified_gmt":"2023-09-16T06:07:26","slug":"distribution-et-logistique","status":"publish","type":"page","link":"https:\/\/www.universparapharma.com\/index.php\/distribution-et-logistique\/","title":{"rendered":"Distribution et Logistique"},"content":{"rendered":"\t\t<div data-elementor-type=\"wp-page\" data-elementor-id=\"5086\" class=\"elementor elementor-5086\">\n\t\t\t\t\t\t\t<div class=\"elementor-element elementor-element-93a20ba e-flex e-con-boxed e-con e-parent\" data-id=\"93a20ba\" data-element_type=\"container\" data-settings=\"{&quot;content_width&quot;:&quot;boxed&quot;}\" data-core-v316-plus=\"true\">\n\t\t\t\t\t<div class=\"e-con-inner\">\n\t\t<div class=\"elementor-element elementor-element-f7d5bac e-con-full e-flex e-con e-child\" data-id=\"f7d5bac\" data-element_type=\"container\" data-settings=\"{&quot;content_width&quot;:&quot;full&quot;}\">\n\t\t\t\t<div class=\"elementor-element elementor-element-efdb6e3 elementor-widget elementor-widget-image\" data-id=\"efdb6e3\" data-element_type=\"widget\" data-widget_type=\"image.default\">\n\t\t\t\t<div class=\"elementor-widget-container\">\n\t\t\t<style>\/*! elementor - v3.16.0 - 14-09-2023 *\/\n.elementor-widget-image{text-align:center}.elementor-widget-image a{display:inline-block}.elementor-widget-image a img[src$=\".svg\"]{width:48px}.elementor-widget-image img{vertical-align:middle;display:inline-block}<\/style>\t\t\t\t\t\t\t\t\t\t\t\t<img decoding=\"async\" loading=\"lazy\" width=\"400\" height=\"400\" src=\"https:\/\/www.universparapharma.com\/wp-content\/uploads\/2023\/09\/A1.jpg\" class=\"attachment-large size-large wp-image-5041\" alt=\"\" srcset=\"https:\/\/www.universparapharma.com\/wp-content\/uploads\/2023\/09\/A1.jpg 400w, https:\/\/www.universparapharma.com\/wp-content\/uploads\/2023\/09\/A1-300x300.jpg 300w, https:\/\/www.universparapharma.com\/wp-content\/uploads\/2023\/09\/A1-150x150.jpg 150w\" sizes=\"(max-width: 400px) 100vw, 400px\" \/>\t\t\t\t\t\t\t\t\t\t\t\t\t\t\t<\/div>\n\t\t\t\t<\/div>\n\t\t\t\t<\/div>\n\t\t<div class=\"elementor-element elementor-element-045736c e-con-full e-flex e-con e-child\" data-id=\"045736c\" data-element_type=\"container\" data-settings=\"{&quot;content_width&quot;:&quot;full&quot;}\">\n\t\t\t\t<div class=\"elementor-element elementor-element-eb37069 elementor-widget elementor-widget-text-editor\" data-id=\"eb37069\" data-element_type=\"widget\" data-widget_type=\"text-editor.default\">\n\t\t\t\t<div class=\"elementor-widget-container\">\n\t\t\t<style>\/*! elementor - v3.16.0 - 14-09-2023 *\/\n.elementor-widget-text-editor.elementor-drop-cap-view-stacked .elementor-drop-cap{background-color:#69727d;color:#fff}.elementor-widget-text-editor.elementor-drop-cap-view-framed .elementor-drop-cap{color:#69727d;border:3px solid;background-color:transparent}.elementor-widget-text-editor:not(.elementor-drop-cap-view-default) .elementor-drop-cap{margin-top:8px}.elementor-widget-text-editor:not(.elementor-drop-cap-view-default) .elementor-drop-cap-letter{width:1em;height:1em}.elementor-widget-text-editor .elementor-drop-cap{float:left;text-align:center;line-height:1;font-size:50px}.elementor-widget-text-editor .elementor-drop-cap-letter{display:inline-block}<\/style>\t\t\t\t<p>Nous assurons le suivi (transit, douane etc\u2026) des produits depuis le laboratoire jusqu\u2019aux clients en respectant les d\u00e9lais.<\/p><ul class=\"vpm-liste\"><li><p>Nous commandons pour nos clients:<br \/>&#8211; Des dispositifs m\u00e9dicaux<br \/>&#8211; Des produits orthop\u00e9diques<br \/>&#8211; Des produits pour le maintien \u00e0 domicile<br \/>&#8211; Du mat\u00e9riel de d\u00e9pistage\u2026<br \/>&#8211; Des produits cosm\u00e9tiques<br \/>&#8211; Des gammes de produits et cosm\u00e9tiques b\u00e9b\u00e9<\/p><\/li><li>Nous livrons quotidiennement nos clients dans toutes l&#8217;Afrique et les DROM<\/li><li>Nous assurons le suivi d&#8217;importation ( transit, douanes, etc&#8230; ) des produits depuis le laboratoire jusqu&#8217;aux clients dans le respect des d\u00e9lais<\/li><\/ul>\t\t\t\t\t\t<\/div>\n\t\t\t\t<\/div>\n\t\t\t\t<\/div>\n\t\t\t\t\t<\/div>\n\t\t\t\t<\/div>\n\t\t\t\t\t\t\t<\/div>\n\t\t","protected":false},"excerpt":{"rendered":"<p>Nous assurons le suivi (transit, douane etc\u2026) des produits depuis le laboratoire jusqu\u2019aux clients en respectant les d\u00e9lais. Nous commandons pour nos clients:&#8211; Des dispositifs m\u00e9dicaux&#8211; Des produits orthop\u00e9diques&#8211; Des produits pour le maintien \u00e0 domicile&#8211; Du mat\u00e9riel de d\u00e9pistage\u2026&#8211; Des produits cosm\u00e9tiques&#8211; Des gammes de produits et cosm\u00e9tiques b\u00e9b\u00e9 Nous livrons quotidiennement nos clients [&hellip;]<\/p>\n","protected":false},"author":1,"featured_media":0,"parent":0,"menu_order":0,"comment_status":"closed","ping_status":"closed","template":"","meta":{"footnotes":""},"_links":{"self":[{"href":"https:\/\/www.universparapharma.com\/index.php\/wp-json\/wp\/v2\/pages\/5086"}],"collection":[{"href":"https:\/\/www.universparapharma.com\/index.php\/wp-json\/wp\/v2\/pages"}],"about":[{"href":"https:\/\/www.universparapharma.com\/index.php\/wp-json\/wp\/v2\/types\/page"}],"author":[{"embeddable":true,"href":"https:\/\/www.universparapharma.com\/index.php\/wp-json\/wp\/v2\/users\/1"}],"replies":[{"embeddable":true,"href":"https:\/\/www.universparapharma.com\/index.php\/wp-json\/wp\/v2\/comments?post=5086"}],"version-history":[{"count":4,"href":"https:\/\/www.universparapharma.com\/index.php\/wp-json\/wp\/v2\/pages\/5086\/revisions"}],"predecessor-version":[{"id":5096,"href":"https:\/\/www.universparapharma.com\/index.php\/wp-json\/wp\/v2\/pages\/5086\/revisions\/5096"}],"wp:attachment":[{"href":"https:\/\/www.universparapharma.com\/index.php\/wp-json\/wp\/v2\/media?parent=5086"}],"curies":[{"name":"wp","href":"https:\/\/api.w.org\/{rel}","templated":true}]}}